{"id":258,"date":"2018-01-22T10:17:40","date_gmt":"2018-01-22T14:17:40","guid":{"rendered":"http:\/\/ayuntamiento.o\/transparencia\/?page_id=258"},"modified":"2025-07-16T12:35:17","modified_gmt":"2025-07-16T16:35:17","slug":"responsable-de-acceso-a-la-informacion","status":"publish","type":"page","link":"https:\/\/ayuntamientojuansantiago.gob.do\/transparencia\/responsable-de-acceso-a-la-informacion\/","title":{"rendered":"Responsable de Acceso a la Informaci\u00f3n"},"content":{"rendered":"<p><span style=\"font-size: 14pt\"><strong>Contacto Responsable de Acceso a la Informaci\u00f3n<\/strong><\/span><\/p>\n<p><strong>Esmeralda Mora Montero<\/strong><\/p>\n<p>Responsable de Acceso a la Informaci\u00f3n (RAI)<\/p>\n<p><strong>Tel\u00e9fonos:<\/strong> 809-673-9045<\/p>\n<p><strong>Correo:<\/strong> ayuntamientojuansantiago1@gmail.com<\/p>\n<p><strong>Direcci\u00f3n:<\/strong> Calle Juan De La Cruz No. 13, Juan Santiago, Provincia El\u00edas Pi\u00f1a<\/p>\n\n\n<figure class=\"wp-container-2 wp-block-gallery-1 wp-block-gallery has-nested-images columns-default is-cropped\">\n<figure class=\"wp-block-image size-large is-resized\"><img loading=\"lazy\" data-id=\"1185\"  src=\"https:\/\/ayuntamientojuansantiago.gob.do\/transparencia\/wp-content\/uploads\/2025\/07\/WhatsApp-Image-2025-06-06-at-10.43.30-AM-1-700x525.jpeg\" alt=\"\" class=\"wp-image-1185\" width=\"356\" height=\"267\" srcset=\"https:\/\/ayuntamientojuansantiago.gob.do\/transparencia\/wp-content\/uploads\/2025\/07\/WhatsApp-Image-2025-06-06-at-10.43.30-AM-1-700x525.jpeg 700w, https:\/\/ayuntamientojuansantiago.gob.do\/transparencia\/wp-content\/uploads\/2025\/07\/WhatsApp-Image-2025-06-06-at-10.43.30-AM-1-250x188.jpeg 250w, https:\/\/ayuntamientojuansantiago.gob.do\/transparencia\/wp-content\/uploads\/2025\/07\/WhatsApp-Image-2025-06-06-at-10.43.30-AM-1-768x576.jpeg 768w, https:\/\/ayuntamientojuansantiago.gob.do\/transparencia\/wp-content\/uploads\/2025\/07\/WhatsApp-Image-2025-06-06-at-10.43.30-AM-1-120x90.jpeg 120w, https:\/\/ayuntamientojuansantiago.gob.do\/transparencia\/wp-content\/uploads\/2025\/07\/WhatsApp-Image-2025-06-06-at-10.43.30-AM-1.jpeg 1280w\" sizes=\"(max-width: 356px) 100vw, 356px\" \/><\/figure>\n<figcaption class=\"blocks-gallery-caption\">Oficina de libre Acceso Se\u00f1aalizada y Computadora<\/figcaption><\/figure>\n\n\n\n<figure class=\"wp-block-image size-large is-resized\"><img loading=\"lazy\" src=\"https:\/\/ayuntamientojuansantiago.gob.do\/transparencia\/wp-content\/uploads\/2025\/07\/WhatsApp-Image-2025-06-06-at-10.43.30-AM-2-700x525.jpeg\" alt=\"\" class=\"wp-image-1188\" width=\"358\" height=\"269\" srcset=\"https:\/\/ayuntamientojuansantiago.gob.do\/transparencia\/wp-content\/uploads\/2025\/07\/WhatsApp-Image-2025-06-06-at-10.43.30-AM-2-700x525.jpeg 700w, https:\/\/ayuntamientojuansantiago.gob.do\/transparencia\/wp-content\/uploads\/2025\/07\/WhatsApp-Image-2025-06-06-at-10.43.30-AM-2-250x188.jpeg 250w, https:\/\/ayuntamientojuansantiago.gob.do\/transparencia\/wp-content\/uploads\/2025\/07\/WhatsApp-Image-2025-06-06-at-10.43.30-AM-2-768x576.jpeg 768w, https:\/\/ayuntamientojuansantiago.gob.do\/transparencia\/wp-content\/uploads\/2025\/07\/WhatsApp-Image-2025-06-06-at-10.43.30-AM-2-120x90.jpeg 120w, https:\/\/ayuntamientojuansantiago.gob.do\/transparencia\/wp-content\/uploads\/2025\/07\/WhatsApp-Image-2025-06-06-at-10.43.30-AM-2.jpeg 1280w\" sizes=\"(max-width: 358px) 100vw, 358px\" \/><figcaption>Telefono y Computadora De la OAI Juan Santiago<\/figcaption><\/figure>\n\n\n\n<figure class=\"wp-block-image size-full\"><img loading=\"lazy\" width=\"641\" height=\"862\" src=\"https:\/\/ayuntamientojuansantiago.gob.do\/transparencia\/wp-content\/uploads\/2025\/07\/Captura-de-pantalla-2025-07-16-123122-1.png\" alt=\"\" class=\"wp-image-1194\" srcset=\"https:\/\/ayuntamientojuansantiago.gob.do\/transparencia\/wp-content\/uploads\/2025\/07\/Captura-de-pantalla-2025-07-16-123122-1.png 641w, https:\/\/ayuntamientojuansantiago.gob.do\/transparencia\/wp-content\/uploads\/2025\/07\/Captura-de-pantalla-2025-07-16-123122-1-250x336.png 250w, https:\/\/ayuntamientojuansantiago.gob.do\/transparencia\/wp-content\/uploads\/2025\/07\/Captura-de-pantalla-2025-07-16-123122-1-120x161.png 120w\" sizes=\"(max-width: 641px) 100vw, 641px\" \/><\/figure>\n","protected":false},"excerpt":{"rendered":"Contacto Responsable de Acceso a la Informaci\u00f3n Esmeralda Mora Montero Responsable de Acceso a la Informaci\u00f3n (RAI) Tel\u00e9fonos: 809-673-9045 Correo: ayuntamientojuansantiago1@gmail.com Direcci\u00f3n: Calle Juan De La Cruz No. 13, Juan Santiago, Provincia El\u00edas Pi\u00f1a","protected":false},"author":3,"featured_media":0,"parent":0,"menu_order":0,"comment_status":"closed","ping_status":"closed","template":"","meta":[],"acf":[],"_links":{"self":[{"href":"https:\/\/ayuntamientojuansantiago.gob.do\/transparencia\/wp-json\/wp\/v2\/pages\/258"}],"collection":[{"href":"https:\/\/ayuntamientojuansantiago.gob.do\/transparencia\/wp-json\/wp\/v2\/pages"}],"about":[{"href":"https:\/\/ayuntamientojuansantiago.gob.do\/transparencia\/wp-json\/wp\/v2\/types\/page"}],"author":[{"embeddable":true,"href":"https:\/\/ayuntamientojuansantiago.gob.do\/transparencia\/wp-json\/wp\/v2\/users\/3"}],"replies":[{"embeddable":true,"href":"https:\/\/ayuntamientojuansantiago.gob.do\/transparencia\/wp-json\/wp\/v2\/comments?post=258"}],"version-history":[{"count":6,"href":"https:\/\/ayuntamientojuansantiago.gob.do\/transparencia\/wp-json\/wp\/v2\/pages\/258\/revisions"}],"predecessor-version":[{"id":1195,"href":"https:\/\/ayuntamientojuansantiago.gob.do\/transparencia\/wp-json\/wp\/v2\/pages\/258\/revisions\/1195"}],"wp:attachment":[{"href":"https:\/\/ayuntamientojuansantiago.gob.do\/transparencia\/wp-json\/wp\/v2\/media?parent=258"}],"curies":[{"name":"wp","href":"https:\/\/api.w.org\/{rel}","templated":true}]}}